{"id":202,"date":"2022-04-01T16:45:00","date_gmt":"2022-04-01T16:45:00","guid":{"rendered":"https:\/\/auto-schifferle.ch\/?page_id=202"},"modified":"2023-10-24T18:41:00","modified_gmt":"2023-10-24T18:41:00","slug":"service-und-reparatur","status":"publish","type":"page","link":"https:\/\/auto-schifferle.ch\/?page_id=202","title":{"rendered":"Service und Reparatur"},"content":{"rendered":"\n<h2 class=\"wp-block-heading\"><\/h2>\n\n\n\n<h2 class=\"wp-block-heading\">Fahrzeug l\u00e4uft nicht? Wir helfen!<\/h2>\n\n\n\n<p>Unsere Mobilit\u00e4t und Freiheit mit dem eigenen Fahrzeug ist ein Privileg, welches Unterhalten und repariert werden sollte, damit es l\u00e4ngst m\u00f6glich im Einsatz bleiben kann.<\/p>\n\n\n\n<p><\/p>\n\n\n\n<p>Wenn das Auto mal stresst oder irgendwas defekt ist, k\u00f6nnen wir helfen. Wir f\u00fchren grunds\u00e4tzlich alle Reparaturen durch. Wir sprechen da von jeglichen Sensoren und Steuerger\u00e4ten, Bauteilen oder Bauteilgruppen. Ein Loch im Motorblock k\u00f6nnen wir nicht flicken &#8211; aber Motortransplantation ist problemlos m\u00f6glich.<\/p>\n\n\n\n<h2 class=\"wp-block-heading\">Service? Machen wir logischerweise auch!<\/h2>\n\n\n\n<p>Man sollte sein Auto immer gut warten lassen. Die Chance, dass Teile kaputt gehen und Folgesch\u00e4den entstehen ist viel geringer und verhindert Mehrkosten. Wenn das Auto ab und an mal auf dem Lift ist, kann man auch fr\u00fchzeitig erkennen, wann Verschlei\u00dfteile gewechselt werden sollten und ob irgendwelche Sch\u00e4den entstanden sind.<\/p>\n\n\n\n<h2 class=\"wp-block-heading\"><\/h2>\n\n\n\n<h3 class=\"wp-block-heading\" id=\"cc-m-header-8035422464\">Wann muss ich mein Auto in den Service bringen?<\/h3>\n\n\n\n<p>Die meisten Fahrzeuge informieren Sie im Info- oder Zentraldisplay, wann ein Service f\u00e4llig ist. Bei den meisten Fahrzeugen finden Sie ausserdem einen Servicekleber, mit F\u00e4lligkeit der n\u00e4chsten Wartung, im T\u00fcreinstieg der Fahrert\u00fcr, welcher von der letzten Service ausf\u00fchrenden Garage montiert wurde.&nbsp;<\/p>\n\n\n\n<p>Weitere Angaben finden Sie im Serviceheft, welches sich meistens im Handschuhfach in der Bordmappe befindet. Einige Fahrzeuge verf\u00fcgen aber nur noch \u00fcber ein digitales Serviceheft. In diesem Fall sollten Sie in der Bordmappe eine Servicebest\u00e4tigung des letzten Services finden inkl. \u00dcbersicht aller wichtigen Informationen. Vereinzelt sind sogar solche Servicebest\u00e4tigungen digital und k\u00f6nnen im Zentraldisplay Ihres Fahrzeugs ausgelesen werden (z.B. BMW und MINI).<\/p>\n\n\n\n<p>Grunds\u00e4tzlich ist alle 12 Monate bzw. 15`000 km oder 20`000 km ein Service f\u00e4llig. Einige Fahrzeuge haben auch verl\u00e4ngerte Serviceintervalle von bis zu 24 Monaten bzw. 30`000 km. Wiederum andere Fahrzeuge haben aufgrund erschwerter Betriebsbedingungen verk\u00fcrzte Intervalle.<\/p>\n\n\n\n<h3 class=\"wp-block-heading\" id=\"cc-m-header-8035427064\">Muss ich f\u00fcr den Service in eine offizielle Servicevertretung?<\/h3>\n\n\n\n<p>Die Antwort ist ganz klar NEIN! Nach der Wettbewerbskommission darf Ihr Fahrzeug von jeder Garage w\u00e4hrend und nach der Herstellergarantie repariert und gewartet werden. Wichtig ist dabei aber, dass die vorgeschriebenen Serviceintervalle und -arbeiten gem\u00e4ss Herstellerangaben eingehalten werden und nur Ersatzteile in Originalqualit\u00e4t verwendet werden.<\/p>\n\n\n\n<p>Wir als freie Garage verwenden ausschliesslich originale Ersatzteile oder solche in Originalqualit\u00e4t und halten uns an die Herstellerangaben. Servicearbeiten an Fahrzeugen mit einem digitalen Serviceheft k\u00f6nnen wir ebenfalls fachgerecht erledigen und im Onlineportal des jeweiligen Herstellers eintragen.<\/p>\n\n\n\n<p>Kostenlose\u00a0Serviceleistungen (z.B. 10 Jahre\/100`000 km Gratis Service bei Audi, Mercedes oder BMW) k\u00f6nnen jedoch nur vom offiziellen Servicenetzwerk ausgef\u00fchrt werden. Wichtig zu wissen ist aber, dass bei diesen &#8222;kostenlosen Serviceleistungen&#8220; die Fl\u00fcssigkeiten (z.B. Motor\u00f6l) meistens trotzdem vom Kunden bezahlt werden m\u00fcssen. In diesem Fall k\u00f6nnen wir Sie erst nach Ablauf des &#8222;Gratis Service&#8220; bei uns in der Garage f\u00fcr den Autoservice begr\u00fcssen.<\/p>\n\n\n\n<h3 class=\"wp-block-heading\" id=\"cc-m-header-8035432364\">Wie viel kostet ein Autoservice?<\/h3>\n\n\n\n<p>Die Ersatzteilpreise, Fl\u00fcssigkeitsmengen und Arbeitsaufw\u00e4nde sind bei jedem Fahrzeug unterschiedlich. Weiter sind je nach Alter und Kilometerstand noch Zusatzarbeiten wie beispielsweise Zahnriemen- oder Z\u00fcndkerzen-Wechsel f\u00e4llig. Aus diesen Gr\u00fcnden ist es schwierig eine genaue Kosteneinsch\u00e4tzung pauschal abzugeben.<\/p>\n\n\n\n<h3 class=\"wp-block-heading\" id=\"cc-m-header-8035434964\">Darf ich mein eigenes Motor\u00f6l mitbringen f\u00fcr den Service?<\/h3>\n\n\n\n<p>Da haben wir die passende Gegenfrage: Darf ich meine M-Budget Pouletbrust ins Restaurant bringen und mit Pommes serviert bekommen? Spass beiseite, wir kennen dieses hoch umstrittene Thema rund ums Motor\u00f6l und haben folgende Stellungsnahme dazu:<\/p>\n\n\n\n<p>Im Preis f\u00fcr den Liter Motor\u00f6l sind nebst der Fl\u00fcssigkeit auch diverse andere Aufw\u00e4nde eingerechnet wie beispielsweise die Vorfinanzierung der Grossmenge, die fachgerechte Lagerung in&nbsp;Konformit\u00e4t mit dem Amt f\u00fcr Umweltschutz und die fachgerechte Entsorgung des Alt\u00f6ls an eine zertifizierte Sammelstelle. Weiter werden kostenlose Dienstleistungen beim Service; wie die Kundenberatung,&nbsp;Fahrzeugaussen- und innenreinigung mit den Ersatzteilpreisen kompensiert.&nbsp;<\/p>\n\n\n\n<p>Alle diese&nbsp;Leistungen rund um das Produkt lassen den Preis gegen\u00fcber dem Einzelhandel h\u00f6her ausfallen. Im Einzelhandel erhalten Sie meistens keinen Service nach dem Kauf, welcher bei uns vollumf\u00e4nglich gegeben ist und die Wertsch\u00f6pfungskette bis zur fachgerechten Entsorgung abschliesst.<\/p>\n\n\n\n<p>Weiter k\u00f6nnen Sie bei unseren verwendeten Motor\u00f6len auch sicher gehen, dass die entsprechenden Freigaben des jeweiligen Herstellers erf\u00fcllt und&nbsp;die Richtlinien f\u00fcr den Erhalt der Herstellergarantie eingehalten werden.<\/p>\n\n\n\n<h3 class=\"wp-block-heading\" id=\"cc-m-header-8035443464\">Der Service ist f\u00e4llig, ich bin aber nicht viel gefahren, was jetzt?<\/h3>\n\n\n\n<p>Viele Kurzstrecken-Fahrerinnen und Fahrer&nbsp;kennen es sicher, weniger als 10`000 km gefahren aber der Service ist zeitm\u00e4ssig trotzdem schon wieder f\u00e4llig. In diesem Fall empfehlen wir den Service trotz der geringen Laufleistung durchf\u00fchren zu lassen.<\/p>\n\n\n\n<p>Die Additive im Motor\u00f6l zersetzen sich sobald der Motor nach dem Service einmal warm gefahren wurde. Die Additive haben also wie der Jogurt im K\u00fchlschrank ein Ablaufdatum, egal ob benutzt oder nicht. Und genau diese Additive haben die wichtigsten Eigenschaften, wie z.B. beim VW Longlife Motor\u00f6l die verbesserten Schmiereigenschaften \u00fcber verl\u00e4ngerte Serviceintervalle oder bei Ford der Schutz vor Aufl\u00f6sung f\u00fcr den Zahnriemen&nbsp;im&nbsp;Motor\u00f6lbad.<\/p>\n\n\n\n<p>Weiter ist eine regelm\u00e4ssige Sichtpr\u00fcfung aller Fahrzeugkomponenten ebenfalls sinnvoll, denn nur so k\u00f6nnen Sch\u00e4den fr\u00fchzeitig erkennt und kosteng\u00fcnstig repariert werden.<\/p>\n","protected":false},"excerpt":{"rendered":"<p>Fahrzeug l\u00e4uft nicht? Wir helfen! Unsere Mobilit\u00e4t und Freiheit mit dem eigenen Fahrzeug ist ein Privileg, welches Unterhalten und repariert werden sollte, damit es l\u00e4ngst m\u00f6glich im Einsatz bleiben kann. Wenn das Auto mal stresst oder irgendwas defekt ist, k\u00f6nnen wir helfen. Wir f\u00fchren grunds\u00e4tzlich alle Reparaturen durch. Wir sprechen da von jeglichen Sensoren und [&hellip;]<\/p>\n","protected":false},"author":2,"featured_media":0,"parent":0,"menu_order":0,"comment_status":"closed","ping_status":"closed","template":"","meta":{"footnotes":""},"class_list":["post-202","page","type-page","status-publish","hentry"],"_links":{"self":[{"href":"https:\/\/auto-schifferle.ch\/index.php?rest_route=\/wp\/v2\/pages\/202","targetHints":{"allow":["GET"]}}],"collection":[{"href":"https:\/\/auto-schifferle.ch\/index.php?rest_route=\/wp\/v2\/pages"}],"about":[{"href":"https:\/\/auto-schifferle.ch\/index.php?rest_route=\/wp\/v2\/types\/page"}],"author":[{"embeddable":true,"href":"https:\/\/auto-schifferle.ch\/index.php?rest_route=\/wp\/v2\/users\/2"}],"replies":[{"embeddable":true,"href":"https:\/\/auto-schifferle.ch\/index.php?rest_route=%2Fwp%2Fv2%2Fcomments&post=202"}],"version-history":[{"count":3,"href":"https:\/\/auto-schifferle.ch\/index.php?rest_route=\/wp\/v2\/pages\/202\/revisions"}],"predecessor-version":[{"id":276,"href":"https:\/\/auto-schifferle.ch\/index.php?rest_route=\/wp\/v2\/pages\/202\/revisions\/276"}],"wp:attachment":[{"href":"https:\/\/auto-schifferle.ch\/index.php?rest_route=%2Fwp%2Fv2%2Fmedia&parent=202"}],"curies":[{"name":"wp","href":"https:\/\/api.w.org\/{rel}","templated":true}]}}