{"id":205,"date":"2022-04-01T16:46:49","date_gmt":"2022-04-01T16:46:49","guid":{"rendered":"https:\/\/auto-schifferle.ch\/?page_id=205"},"modified":"2022-04-06T11:29:44","modified_gmt":"2022-04-06T11:29:44","slug":"teil-und-vollfolierung","status":"publish","type":"page","link":"https:\/\/auto-schifferle.ch\/?page_id=205","title":{"rendered":"Teil- und Vollfolierung"},"content":{"rendered":"\n<h2 class=\"wp-block-heading\">\n\t\tFolierungen machen den Unterschied&#8230; und sie sehen geil aus\n\t<\/h2>\n\n\n\n<p>\n\tDie Farbe am Auto zu \u00e4ndern ist der Wunsch vieler Liebhaber. Neu lackieren lassen kostet zum Teil einen rechten Batzen Geld. Ist der Lack jedoch in einem guten Zustand, empfiehlt es sich das Auto besser folieren zu lassen. Das bietet verschiedene Vorteile und kann nach Folienwunsch viel g\u00fcnstiger sein. Vorteile sind folgende: Der urspr\u00fcngliche Lack wird gesch\u00fctzt und konserviert, die Folie l\u00e4sst sich wieder gut entfernen.<br>\nNachteile sind: Autowaschanlagen sind ein Tabu &#8211; nur Handw\u00e4sche oder SB-Waschboxen, die Folie leidet in der Waschstrasse und wird schneller von den Reinugungsrollen besch\u00e4digt als der Klarlack darunter, je nachdem wie viel vom Fahrzeug foliert wird, muss eine Farb\u00e4nderung im Fahrzeugausweis beim Strassenverkehrsamt vorgenommen werden.\n<\/p>\n\n\n\n<p>Die meisten Hersteller geben eine Haltbarkeit der Folien zwischen 5 bis 8 Jahren an. Bei guter Pflege h\u00e4lt sie auch l\u00e4nger.<\/p>\n\n\n\n<p>Wir haben bis jetzt noch nicht all zu viel Erfahrung im Car Wrapping sammeln k\u00f6nnen, geben uns aber M\u00fche etwas herauszustechen. In der Galerie findet ihr 2 VW Polo GTI&#8217;s &#8211; das waren unseren ersten 2 Vollfolierungen.<\/p>\n","protected":false},"excerpt":{"rendered":"<p>Folierungen machen den Unterschied&#8230; und sie sehen geil aus Die Farbe am Auto zu \u00e4ndern ist der Wunsch vieler Liebhaber. Neu lackieren lassen kostet zum Teil einen rechten Batzen Geld. Ist der Lack jedoch in einem guten Zustand, empfiehlt es sich das Auto besser folieren zu lassen. Das bietet verschiedene Vorteile und kann nach Folienwunsch [&hellip;]<\/p>\n","protected":false},"author":2,"featured_media":0,"parent":0,"menu_order":0,"comment_status":"closed","ping_status":"closed","template":"","meta":{"footnotes":""},"class_list":["post-205","page","type-page","status-publish","hentry"],"_links":{"self":[{"href":"https:\/\/auto-schifferle.ch\/index.php?rest_route=\/wp\/v2\/pages\/205","targetHints":{"allow":["GET"]}}],"collection":[{"href":"https:\/\/auto-schifferle.ch\/index.php?rest_route=\/wp\/v2\/pages"}],"about":[{"href":"https:\/\/auto-schifferle.ch\/index.php?rest_route=\/wp\/v2\/types\/page"}],"author":[{"embeddable":true,"href":"https:\/\/auto-schifferle.ch\/index.php?rest_route=\/wp\/v2\/users\/2"}],"replies":[{"embeddable":true,"href":"https:\/\/auto-schifferle.ch\/index.php?rest_route=%2Fwp%2Fv2%2Fcomments&post=205"}],"version-history":[{"count":4,"href":"https:\/\/auto-schifferle.ch\/index.php?rest_route=\/wp\/v2\/pages\/205\/revisions"}],"predecessor-version":[{"id":245,"href":"https:\/\/auto-schifferle.ch\/index.php?rest_route=\/wp\/v2\/pages\/205\/revisions\/245"}],"wp:attachment":[{"href":"https:\/\/auto-schifferle.ch\/index.php?rest_route=%2Fwp%2Fv2%2Fmedia&parent=205"}],"curies":[{"name":"wp","href":"https:\/\/api.w.org\/{rel}","templated":true}]}}