{"id":287,"date":"2023-10-24T19:19:46","date_gmt":"2023-10-24T19:19:46","guid":{"rendered":"https:\/\/auto-schifferle.ch\/?page_id=287"},"modified":"2023-10-24T19:19:50","modified_gmt":"2023-10-24T19:19:50","slug":"klimaservice","status":"publish","type":"page","link":"https:\/\/auto-schifferle.ch\/?page_id=287","title":{"rendered":"Klimaservice"},"content":{"rendered":"\n<h1 class=\"wp-block-heading\" id=\"cc-m-header-8056477464\">Klimaservice<\/h1>\n\n\n\n<p>Sp\u00e4testens Ende Fr\u00fchling wird es Zeit\u00a0sich ausgiebig der Klimaanlage zu widmen, dem Lebensretter an hei\u00dfen Sommertagen im Auto. Die Klimaanlage filtert Staub,\u00a0Pollen\u00a0und andere\u00a0Kleinstpartikel\u00a0aus der Luft und sorgt f\u00fcr Frische im Innenraum. Sie ist ein wichtiger Faktor f\u00fcr die Sicherheit und den Komfort. Damit die Klimaanlage m\u00f6glichst lange h\u00e4lt, sollte sie regelm\u00e4ssig gewartet werden. Neben der Ansammlung von Bakterien und Pilzen k\u00f6nnen auch Lecks im K\u00e4ltemittelkreislauf entstehen. Ein professioneller Klimaservice hilft die Luft in Ihrem Auto sauber zu halten und teuren Folgesch\u00e4den vorzubeugen.<\/p>\n\n\n\n<h3 class=\"wp-block-heading\" id=\"cc-m-header-8062174064\">Was f\u00fcr Gr\u00fcnde gibt es f\u00fcr die Wartung der Klimaanlage?<\/h3>\n\n\n\n<p>Zahlreiche Gr\u00fcnde sprechen f\u00fcr einen Klimaservice: Pro Jahr gehen beispielsweise etwa 10% des K\u00e4ltemittels auf nat\u00fcrliche Art und Weise verloren. Es tritt durch Schl\u00e4uche und Verbindungselemente aus, wodurch die K\u00fchlleistung bereits nach wenigen Jahren sp\u00fcrbar nachl\u00e4sst.<\/p>\n\n\n\n<p>Weiter dient das K\u00e4ltemittel als Tr\u00e4ger f\u00fcr das Schmier\u00f6l, welches den Klimakompressor schmiert. Ist zu wenig K\u00e4ltemittel im System vorhanden, besteht die Gefahr, dass der Kompressor nicht mehr gen\u00fcgend geschmiert wird und&nbsp;verschleisst. So entstehen schnell teure Reparaturkosten, welche vermeidbar w\u00e4ren.<\/p>\n\n\n\n<p>Die feuchte Umgebung der Klimaanlage bietet auch ideale Bedingungen f\u00fcr die Verbreitung von Bakterien, Pilzen und andere Mikroorganismen. Diese sorgen f\u00fcr unangenehme Ger\u00fcche und bei\u00a0Allgerikern auch zu allergischen Reaktionen.<\/p>\n\n\n\n<p>Und wer es nicht glaubt, die Klimaanlage ist auch im Winter f\u00fcr was gut. Damit die Frontscheibe durch die feuchte Luft nicht beschlagen wird, wird die in den Innenraum str\u00f6mende Aussenluft durch die Klimaanlage getrocknet. Ohne funktionierende Klimaanlage w\u00fcrden die Scheiben im Auto also eher beschlagen.<\/p>\n\n\n\n<h3 class=\"wp-block-heading\" id=\"cc-m-header-8056478064\">Was ist ein Klima-Service?<\/h3>\n\n\n\n<p>Der Klimaservice wird von den Klimaanlagen-Herstellern alle 24 Monate empfohlen. Unserer Meinung nach sind 36 Monate aber bei den meisten Fahrzeugen auch noch akzeptabel. Beim Klimaservice wird die Anlage vollumf\u00e4nglich unter die Lupe genommen. Es werden folgende Punkte durchgef\u00fchrt:<\/p>\n\n\n\n<ul class=\"wp-block-list\">\n<li>Altes K\u00e4ltemittel in der Anlage absaugen und recyclieren<\/li>\n\n\n\n<li>Altes Kompressor\u00f6l absaugen und fachgerecht entsorgen<\/li>\n\n\n\n<li>Anlage entfeuchten und grobe Dichtheitspr\u00fcfung durchf\u00fchren<\/li>\n\n\n\n<li>Neues gepr\u00fcftes K\u00e4ltemittel auff\u00fcllen<\/li>\n\n\n\n<li>Druckpr\u00fcfung der Klimaanlage durchf\u00fchren<\/li>\n<\/ul>\n\n\n\n<p>Beim Klima-Service k\u00f6nnen wir ausserdem auch Leck`s in der Anlage entdecken, welche zum Verlust von K\u00e4ltemittel f\u00fchren. Das K\u00e4ltemittel R134a welches in den meisten Klimaanlagen noch enthalten ist, ist 1430mal schlimmer als CO2 f\u00fcr unsere Umwelt. Also tun Sie der Umwelt auch etwas Gutes, wenn Sie Ihre Klimaanlage regelm\u00e4ssig pr\u00fcfen und warten lassen.<\/p>\n\n\n\n<h3 class=\"wp-block-heading\" id=\"cc-m-header-8056479464\">Meine Klimaanlage k\u00fchlt nicht mehr, was tun?<\/h3>\n\n\n\n<p>Bei den meisten Klimaanlagen, welche nicht mehr einschalten und den Innenraum nicht mehr mit k\u00fchler und trockener Luft versorgen, mangelt es an Wartung. Durch den j\u00e4hrlichen K\u00e4ltemittelverlust von 10% kann es bei schlecht gewarteten Anlagen zu einem zu tiefen Druck im System kommen und die Anlage schaltet gar nicht mehr ein.<\/p>\n\n\n\n<p>Grosse Leckagen k\u00f6nnen im System w\u00e4hrend dem Klimaservice erkannt werden. Kleinere Leckagen k\u00f6nnen leider nicht so schnell erkannt werden. K\u00fchlt die Klimaanlage kurz nach einem Klimaservice nicht mehr, so verliert die Anlage \u00fcber ein Leck das K\u00e4ltemittel. Um dieses Leck zu lokalisieren ben\u00f6tigen wir das Fahrzeug f\u00fcr eine genaue Diagnose. Undichtigkeiten k\u00f6nnen wir mit unseren Spezialpr\u00fcfger\u00e4ten schnell und zuverl\u00e4ssig auffinden.<\/p>\n\n\n\n<p>Da aber auch immer wie mehr Elektronik in einer Klimaanlage vorhanden ist,&nbsp;wie beispielsweise Regelventile im Klimakompressor oder Drucksensoren in den K\u00e4ltemittel-Leitungen, kann eine defekte Klimaanlage auch aufgrund eines Fehlers in der Elektronik zur\u00fcckzuf\u00fchren sein. In diesem Fall k\u00f6nnen wir den Fehlerspeicher und die Parameter entsprechend mit unserem Diagnosetester auslesen und interpretieren.<\/p>\n","protected":false},"excerpt":{"rendered":"<p>Klimaservice Sp\u00e4testens Ende Fr\u00fchling wird es Zeit\u00a0sich ausgiebig der Klimaanlage zu widmen, dem Lebensretter an hei\u00dfen Sommertagen im Auto. Die Klimaanlage filtert Staub,\u00a0Pollen\u00a0und andere\u00a0Kleinstpartikel\u00a0aus der Luft und sorgt f\u00fcr Frische im Innenraum. Sie ist ein wichtiger Faktor f\u00fcr die Sicherheit und den Komfort. Damit die Klimaanlage m\u00f6glichst lange h\u00e4lt, sollte sie regelm\u00e4ssig gewartet werden. Neben [&hellip;]<\/p>\n","protected":false},"author":2,"featured_media":0,"parent":0,"menu_order":0,"comment_status":"closed","ping_status":"closed","template":"","meta":{"footnotes":""},"class_list":["post-287","page","type-page","status-publish","hentry"],"_links":{"self":[{"href":"https:\/\/auto-schifferle.ch\/index.php?rest_route=\/wp\/v2\/pages\/287","targetHints":{"allow":["GET"]}}],"collection":[{"href":"https:\/\/auto-schifferle.ch\/index.php?rest_route=\/wp\/v2\/pages"}],"about":[{"href":"https:\/\/auto-schifferle.ch\/index.php?rest_route=\/wp\/v2\/types\/page"}],"author":[{"embeddable":true,"href":"https:\/\/auto-schifferle.ch\/index.php?rest_route=\/wp\/v2\/users\/2"}],"replies":[{"embeddable":true,"href":"https:\/\/auto-schifferle.ch\/index.php?rest_route=%2Fwp%2Fv2%2Fcomments&post=287"}],"version-history":[{"count":1,"href":"https:\/\/auto-schifferle.ch\/index.php?rest_route=\/wp\/v2\/pages\/287\/revisions"}],"predecessor-version":[{"id":289,"href":"https:\/\/auto-schifferle.ch\/index.php?rest_route=\/wp\/v2\/pages\/287\/revisions\/289"}],"wp:attachment":[{"href":"https:\/\/auto-schifferle.ch\/index.php?rest_route=%2Fwp%2Fv2%2Fmedia&parent=287"}],"curies":[{"name":"wp","href":"https:\/\/api.w.org\/{rel}","templated":true}]}}