{"id":290,"date":"2023-10-24T19:21:02","date_gmt":"2023-10-24T19:21:02","guid":{"rendered":"https:\/\/auto-schifferle.ch\/?page_id=290"},"modified":"2023-10-24T19:33:47","modified_gmt":"2023-10-24T19:33:47","slug":"unfallschaden","status":"publish","type":"page","link":"https:\/\/auto-schifferle.ch\/?page_id=290","title":{"rendered":"Unfallschaden"},"content":{"rendered":"\n<h2 class=\"wp-block-heading\">Kurz nicht aufgepasst? Oder ist dir jemand in dein Fahrzeug gefahren?<\/h2>\n\n\n\n<p>Unfallsch\u00e4den passieren schnell.. sei es durch Unachtsamkeit oder Fremdverschulden. Dies kann \u00e4rgerlich sein aber kein Grund zur Panik! Solange es nur Blechsch\u00e4den sind und niemand verletzt wurde. Wir helfen Ihnen auch dort! Ist das Fahrzeug noch fahrbar kommen sie bei uns vorbei und wir werden den Schaden zusammen begutachten und werden dann besprechen wie wir weiter vorgehen werden.<\/p>\n\n\n\n<h2 class=\"wp-block-heading\">Vollkasko oder Fremdverschulden<\/h2>\n\n\n\n<p>Besitzt ihr Fahrzeug eine Vollkaskoversicherung oder ist der Schaden an Ihrem Fahrzeug durch   Fremdverschulden bzw Unachtsamkeit eines anderen Verkehrsteilnehmer entstanden, k\u00f6nnen wir den Schaden ohne weitere Probleme \u00fcber die Versicherung abwickeln. Je nach Verschulden k\u00f6nnte ein Selbstbehalt f\u00e4llig sein.<\/p>\n\n\n\n<h2 class=\"wp-block-heading\">Wird die Reparatur im Hause oder ausw\u00e4rts erledigt?<\/h2>\n\n\n\n<p>Je nach Schaden bzw. Schadenfall wird das Fahrzeug in unserer eigenen Werkstatt Repariert, ausgenommen die Lackierung wird extern gebracht. Gr\u00f6ssere oder aufwendigere Reparaturen werden bei einem unsere Partner Betrieben erledigt, die wir mit gr\u00f6sster Sorgfalt ausgew\u00e4hlt haben um euch die beste Qualit\u00e4t zu bieten.<\/p>\n","protected":false},"excerpt":{"rendered":"<p>Kurz nicht aufgepasst? Oder ist dir jemand in dein Fahrzeug gefahren? Unfallsch\u00e4den passieren schnell.. sei es durch Unachtsamkeit oder Fremdverschulden. Dies kann \u00e4rgerlich sein aber kein Grund zur Panik! Solange es nur Blechsch\u00e4den sind und niemand verletzt wurde. Wir helfen Ihnen auch dort! Ist das Fahrzeug noch fahrbar kommen sie bei uns vorbei und wir [&hellip;]<\/p>\n","protected":false},"author":2,"featured_media":0,"parent":0,"menu_order":0,"comment_status":"closed","ping_status":"closed","template":"","meta":{"footnotes":""},"class_list":["post-290","page","type-page","status-publish","hentry"],"_links":{"self":[{"href":"https:\/\/auto-schifferle.ch\/index.php?rest_route=\/wp\/v2\/pages\/290","targetHints":{"allow":["GET"]}}],"collection":[{"href":"https:\/\/auto-schifferle.ch\/index.php?rest_route=\/wp\/v2\/pages"}],"about":[{"href":"https:\/\/auto-schifferle.ch\/index.php?rest_route=\/wp\/v2\/types\/page"}],"author":[{"embeddable":true,"href":"https:\/\/auto-schifferle.ch\/index.php?rest_route=\/wp\/v2\/users\/2"}],"replies":[{"embeddable":true,"href":"https:\/\/auto-schifferle.ch\/index.php?rest_route=%2Fwp%2Fv2%2Fcomments&post=290"}],"version-history":[{"count":2,"href":"https:\/\/auto-schifferle.ch\/index.php?rest_route=\/wp\/v2\/pages\/290\/revisions"}],"predecessor-version":[{"id":294,"href":"https:\/\/auto-schifferle.ch\/index.php?rest_route=\/wp\/v2\/pages\/290\/revisions\/294"}],"wp:attachment":[{"href":"https:\/\/auto-schifferle.ch\/index.php?rest_route=%2Fwp%2Fv2%2Fmedia&parent=290"}],"curies":[{"name":"wp","href":"https:\/\/api.w.org\/{rel}","templated":true}]}}