{"id":299,"date":"2023-10-24T20:37:10","date_gmt":"2023-10-24T20:37:10","guid":{"rendered":"https:\/\/auto-schifferle.ch\/?page_id=299"},"modified":"2023-10-24T20:46:23","modified_gmt":"2023-10-24T20:46:23","slug":"autos-sind-mehr-als-nur-fahrzeuge-2","status":"publish","type":"page","link":"https:\/\/auto-schifferle.ch\/","title":{"rendered":"AUTOS SIND MEHR ALS NUR FAHRZEUGE"},"content":{"rendered":"\n<h2 class=\"wp-block-heading\">Sch\u00f6n DICH hier zu Sehen!<\/h2>\n\n\n\n<p>Herzlich willkommen auf der Website der Garage Auto Schifferle. Gem\u00e4ss dem Motto: &#8222;Wir bringen Sie schneller wieder auf die Strasse&#8220; oder dem Klassiker Autos sind mehr als nur Fahrzeuge, bieten wir Ihnen als freie Werkstatt\u00a0fachgerechte Reparaturen und Service Arbeiten ohne Verlust der Herstellergarantie an allen Fahrzeugmarken an. Als k\u00fcnftiger Mobilit\u00e4tsdienstleister stehen wir Ihnen ebenfalls in allen anderen Belangen rund um die Automobilit\u00e4t zur Seite, sei es Tuning, Folierungen oder sonstige Nachr\u00fcstungen bzw. \u00c4nderungen,  damit Ihre Aufgabe auch lediglich das Autofahren bleibt.<\/p>\n\n\n\n<h2 class=\"wp-block-heading\">Standort<\/h2>\n\n\n\n<p>Unsere Werkstatt  befindet sich in der Guschastrasse 42 in 9475 Sevelen. Sie ist gut versteckt wenn man das erste mal vorbeikommen m\u00f6chte, also Augen auf sonst fahrt ihr an der Einfahrt vorbei. Von Aussen erscheint die Werkstatt nicht gerade als hingucker, daf\u00fcr wird im inneren umso mehr auf ihr Fahrzeug acht gegeben und gesorgt.<\/p>\n\n\n\n<h2 class=\"wp-block-heading\">Bei Abwesenheit<\/h2>\n\n\n\n<p>Falls sie zu einem Zeitpunkt kommen sollten in dem niemand vor Ort ist, haben sie ein bisschen Geduld es wird schnellst m\u00f6glich jemand kommen, oder Kontaktieren sie uns bzw. mich unter dieser Nummer: 0787998984<\/p>\n\n\n\n<figure class=\"wp-block-image size-large\"><img loading=\"lazy\" decoding=\"async\" width=\"1024\" height=\"494\" src=\"https:\/\/auto-schifferle.ch\/wp-content\/uploads\/2023\/10\/Einfahrt-1024x494.png\" alt=\"\" class=\"wp-image-296\" srcset=\"https:\/\/auto-schifferle.ch\/wp-content\/uploads\/2023\/10\/Einfahrt-1024x494.png 1024w, https:\/\/auto-schifferle.ch\/wp-content\/uploads\/2023\/10\/Einfahrt-300x145.png 300w, https:\/\/auto-schifferle.ch\/wp-content\/uploads\/2023\/10\/Einfahrt-768x370.png 768w, https:\/\/auto-schifferle.ch\/wp-content\/uploads\/2023\/10\/Einfahrt-1536x740.png 1536w, https:\/\/auto-schifferle.ch\/wp-content\/uploads\/2023\/10\/Einfahrt.png 1919w\" sizes=\"auto, (max-width: 1024px) 100vw, 1024px\" \/><\/figure>\n\n\n\n<iframe src=\"https:\/\/www.google.com\/maps\/embed?pb=!1m14!1m8!1m3!1d959.760885458238!2d9.492353430175898!3d47.126241171406896!3m2!1i1024!2i768!4f13.1!3m3!1m2!1s0x479b3303cb2046e3%3A0xba780e32033834f8!2sAuto%20Schifferle!5e0!3m2!1sde!2sch!4v1698178491960!5m2!1sde!2sch\" width=\"800\" height=\"600\" style=\"border:0;\" allowfullscreen=\"\" loading=\"lazy\" referrerpolicy=\"no-referrer-when-downgrade\"><\/iframe>\n","protected":false},"excerpt":{"rendered":"<p>Sch\u00f6n DICH hier zu Sehen! Herzlich willkommen auf der Website der Garage Auto Schifferle. Gem\u00e4ss dem Motto: &#8222;Wir bringen Sie schneller wieder auf die Strasse&#8220; oder dem Klassiker Autos sind mehr als nur Fahrzeuge, bieten wir Ihnen als freie Werkstatt\u00a0fachgerechte Reparaturen und Service Arbeiten ohne Verlust der Herstellergarantie an allen Fahrzeugmarken an. Als k\u00fcnftiger Mobilit\u00e4tsdienstleister [&hellip;]<\/p>\n","protected":false},"author":2,"featured_media":0,"parent":0,"menu_order":0,"comment_status":"closed","ping_status":"closed","template":"","meta":{"footnotes":""},"class_list":["post-299","page","type-page","status-publish","hentry"],"_links":{"self":[{"href":"https:\/\/auto-schifferle.ch\/index.php?rest_route=\/wp\/v2\/pages\/299","targetHints":{"allow":["GET"]}}],"collection":[{"href":"https:\/\/auto-schifferle.ch\/index.php?rest_route=\/wp\/v2\/pages"}],"about":[{"href":"https:\/\/auto-schifferle.ch\/index.php?rest_route=\/wp\/v2\/types\/page"}],"author":[{"embeddable":true,"href":"https:\/\/auto-schifferle.ch\/index.php?rest_route=\/wp\/v2\/users\/2"}],"replies":[{"embeddable":true,"href":"https:\/\/auto-schifferle.ch\/index.php?rest_route=%2Fwp%2Fv2%2Fcomments&post=299"}],"version-history":[{"count":4,"href":"https:\/\/auto-schifferle.ch\/index.php?rest_route=\/wp\/v2\/pages\/299\/revisions"}],"predecessor-version":[{"id":308,"href":"https:\/\/auto-schifferle.ch\/index.php?rest_route=\/wp\/v2\/pages\/299\/revisions\/308"}],"wp:attachment":[{"href":"https:\/\/auto-schifferle.ch\/index.php?rest_route=%2Fwp%2Fv2%2Fmedia&parent=299"}],"curies":[{"name":"wp","href":"https:\/\/api.w.org\/{rel}","templated":true}]}}